{"id":11307,"date":"2015-10-28T23:02:07","date_gmt":"2015-10-28T21:02:07","guid":{"rendered":"https:\/\/progenia.ch\/?page_id=11307"},"modified":"2023-12-10T13:10:28","modified_gmt":"2023-12-10T13:10:28","slug":"home","status":"publish","type":"page","link":"https:\/\/progenia.ch\/tr\/home\/","title":{"rendered":"Home"},"content":{"rendered":"<p><div class=\"fusion-fullwidth fullwidth-box fusion-builder-row-1 fusion-flex-container has-pattern-background has-mask-background nonhundred-percent-fullwidth non-hundred-percent-height-scrolling fusion-custom-z-index\" style=\"--awb-background-position:left top;--awb-border-sizes-top:0px;--awb-border-sizes-bottom:0px;--awb-border-sizes-left:0px;--awb-border-sizes-right:0px;--awb-border-radius-top-left:0px;--awb-border-radius-top-right:0px;--awb-border-radius-bottom-right:0px;--awb-border-radius-bottom-left:0px;--awb-z-index:1;--awb-padding-top-medium:32px;--awb-padding-right-medium:30px;--awb-padding-left-medium:30px;--awb-padding-top-small:32px;--awb-padding-right-small:14px;--awb-padding-left-small:14px;--awb-flex-wrap:wrap;\" ><div class=\"fusion-builder-row fusion-row fusion-flex-align-items-center fusion-flex-content-wrap\" style=\"max-width:calc( 1140px + 0px );margin-left: calc(-0px \/ 2 );margin-right: calc(-0px \/ 2 );\"><div class=\"fusion-layout-column fusion_builder_column fusion-builder-column-0 fusion-flex-column left-col\" style=\"--awb-padding-right-small:0px;--awb-padding-left-small:0px;--awb-bg-size:cover;--awb-width-large:73%;--awb-margin-top-large:0px;--awb-spacing-right-large:calc( 0.14931506849315 * calc( 100% - 0 ) );--awb-margin-bottom-large:0px;--awb-spacing-left-large:calc( 0 * calc( 100% - 0 ) );--awb-width-medium:60.66%;--awb-order-medium:0;--awb-spacing-right-medium:calc( 0.17969007583251 * calc( 100% - 0 ) );--awb-spacing-left-medium:calc( 0 * calc( 100% - 0 ) );--awb-width-small:100%;--awb-order-small:0;--awb-spacing-right-small:calc( 0.109 * calc( 100% - 0 ) );--awb-spacing-left-small:calc( 0 * calc( 100% - 0 ) );\" data-scroll-devices=\"small-visibility,medium-visibility,large-visibility\"><div class=\"fusion-column-wrapper fusion-column-has-shadow fusion-flex-justify-content-flex-start fusion-content-layout-column\"><div class=\"fusion-title title fusion-title-1 fusion-sep-none fusion-title-text fusion-title-size-one\" style=\"--awb-margin-left:-60px;--awb-margin-top-small:0px;--awb-margin-right-small:0px;--awb-margin-bottom-small:20px;--awb-margin-left-small:0px;--awb-margin-left-medium:0px;\"><h1 class=\"fusion-title-heading title-heading-left fusion-responsive-typography-calculated\" style=\"margin:0;--fontSize:47;line-height:1;\"><p>S\u0131cak bir kar\u015f\u0131lama,<br \/>\nde\u011ferli varl\u0131k<\/p><\/h1><\/div><div class=\"fusion-title title fusion-title-2 fusion-sep-none fusion-title-text fusion-title-size-two\" style=\"--awb-margin-bottom:40px;--awb-margin-top-small:0px;--awb-margin-right-small:0px;--awb-margin-bottom-small:40px;--awb-margin-left-small:0px;\"><h2 class=\"fusion-title-heading title-heading-left fusion-responsive-typography-calculated\" style=\"margin:0;--fontSize:20;--minFontSize:20;line-height:1;\">KENDINIZLE VE EVRENLE TANI\u015eMAK&#8230;<\/h2><\/div><div class=\"fusion-text fusion-text-1\"><p>Hayat bir mucizedir!<br \/>\n\u00d6yle &#8211; sade ve basit.<\/p>\n<p>Deneyimlenmek ve ho\u015f kar\u015f\u0131lanmak isteyen bir gizemdir.<\/p>\n<p>Onu g\u00f6rmek i\u00e7in kalplerimizi a\u00e7t\u0131\u011f\u0131m\u0131zda, doluluk ve ne\u015fe i\u00e7inde oluruz. Bu, kapsaml\u0131 ba\u011fl\u0131l\u0131\u011f\u0131n ve \u00e7e\u015fitlili\u011fin bir anl\u0131k g\u00f6r\u00fcnt\u00fcs\u00fcd\u00fcr. Birdenbire do\u011fan\u0131n, do\u011fal olan\u0131n dehas\u0131, s\u00f6zde s\u0131radan olan\u0131n i\u00e7inde g\u00f6r\u00fcn\u00fcr hale gelir.<\/p>\n<p>Ancak, \u00e7o\u011fumuz onun \u00f6z\u00fcne nas\u0131l eri\u015fece\u011fimizi unuttuk. proGenia bu \u00f6ze yeniden eri\u015fmek ve de\u011ferli \u0131\u015f\u0131lt\u0131n\u0131n i\u00e7eride ve d\u0131\u015far\u0131da g\u00f6r\u00fcn\u00fcr olmas\u0131na izin vermek i\u00e7in hem bir davet hem de bir te\u015fviktir. \u0130\u00e7imizdeki deha ve genia \u00e7i\u00e7ek a\u00e7maya ba\u015flar.<\/p>\n<p>Cenneti canland\u0131rman\u0131n yolu budur. Ya\u015fam, Cennet Bah\u00e7esi&#8217;ni doldurmak i\u00e7in bekliyor! Oraya g\u00f6t\u00fcren yetkinlik d\u0131\u015far\u0131dan de\u011fil, i\u00e7eriden gelir; yukar\u0131dan de\u011fil, merkezden gelir.<\/p>\n<p>proGenia, g\u00fczelli\u011fi ve do\u011fall\u0131\u011f\u0131yla d\u00fcnyaya yay\u0131lan ve kalbin bilgeli\u011fiyle konu\u015fan bir m\u00fccevherdir. Merkeze geri d\u00f6nen varl\u0131\u011f\u0131n temel g\u00fcc\u00fcd\u00fcr. Derinli\u011fe var\u0131\u015ft\u0131r; kendi derinli\u011fine, ilksel olan\u0131n derinli\u011fine, olana duyulan sevgiye!<\/p>\n<p>Ya\u015fam mucizesini birlikte kutlayal\u0131m.<\/p>\n<h2 class=\"fusion-responsive-typography-calculated\" style=\"--fontsize: 20; line-height: 1; --minfontsize: 20;\" data-fontsize=\"20\" data-lineheight=\"20px\">&#8230;BIRBIRIMIZLE KALPTE BULU\u015eMAK<\/h2>\n<div><\/div>\n<div><\/div>\n<div><\/div>\n<p>\u0130\u015fbirli\u011fi i\u00e7inde ve onurlu bir \u015fekilde etkile\u015fime giren \u00f6zg\u00fcr insan vizyonu, proGenia&#8217;n\u0131n kavramlar\u0131n\u0131n besleyicisidir. Kendimizi hizalad\u0131\u011f\u0131m\u0131z \u015fey do\u011fad\u0131r, ya\u015fam\u0131n mucizesidir. Kendini ger\u00e7ekle\u015ftirme ve ba\u015fkalar\u0131yla ba\u011flant\u0131 kurma d\u00fcrt\u00fcs\u00fcnden, arzular, hayaller ve fikirler geli\u015fir ve ger\u00e7ekle\u015ftirilmek ister: Bilin\u00e7lenme anlam\u0131nda ger\u00e7ekle\u015fme ve nihayetinde tezah\u00fcr etme olarak!<\/p>\n<\/div><\/div><\/div><div class=\"fusion-layout-column fusion_builder_column fusion-builder-column-1 fusion_builder_column_1_4 1_4 fusion-flex-column fusion-flex-align-self-flex-end fusion-no-small-visibility fusion-no-medium-visibility fusion-animated\" style=\"--awb-bg-color:#ffffff;--awb-bg-color-hover:#ffffff;--awb-bg-size:cover;--awb-width-large:25%;--awb-margin-top-large:0px;--awb-spacing-right-large:0px;--awb-margin-bottom-large:0px;--awb-spacing-left-large:24px;--awb-width-medium:33.33%;--awb-order-medium:0;--awb-spacing-right-medium:0px;--awb-spacing-left-medium:24px;--awb-width-small:100%;--awb-order-small:0;--awb-spacing-right-small:0px;--awb-spacing-left-small:0px;\" data-animationType=\"fadeInRight\" data-animationDuration=\"0.7\" data-animationOffset=\"top-mid-of-view\" data-scroll-devices=\"small-visibility,medium-visibility,large-visibility\"><div class=\"fusion-column-wrapper fusion-column-has-shadow fusion-flex-justify-content-flex-start fusion-content-layout-column\"><div class=\"fusion-content-boxes content-boxes columns row fusion-columns-1 fusion-columns-total-1 fusion-content-boxes-1 content-boxes-clean-vertical content-left content-boxes-icon-on-top event\" style=\"--awb-body-color:#000000;--awb-title-color:#000000;--awb-iconcolor:#005150;--awb-item-margin-bottom:20px;--awb-margin-bottom:0px;--awb-hover-accent-color:#005150;--awb-circle-hover-accent-color:#005150;\" data-animationOffset=\"top-into-view\"><div style=\"--awb-backgroundcolor:#88a4a3;--awb-iconcolor:#005150;border-color:#35baf2;\" class=\"fusion-column content-box-column content-box-column content-box-column-1 col-lg-12 col-md-12 col-sm-12 fusion-content-box-hover content-box-column-last content-box-column-last-in-row\"><div class=\"col content-box-wrapper content-wrapper-background link-area-box link-type-text icon-hover-animation-pulsate\" data-link=\"https:\/\/progenia.ch\/buchvernissage\/\" data-link-target=\"_blank\" data-animationOffset=\"top-into-view\"><div class=\"heading heading-with-icon icon-left\"><a class=\"heading-link\" href=\"https:\/\/progenia.ch\/buchvernissage\/\" target=\"_blank\" rel=\"noopener noreferrer\"><div aria-hidden=\"true\" class=\"image\"><img decoding=\"async\" class=\"lazyload\" src=\"data:image\/gif;base64,R0lGODlhAQABAAAAACH5BAEKAAEALAAAAAABAAEAAAICTAEAOw==\" data-orig-src=\"https:\/\/progenia.ch\/wp-content\/uploads\/2022\/03\/BLU\u0308TE-blautanne-1000_207-1.png\" width=\"100\" height=\"100\" alt=\"\" \/><\/div><h1 class=\"content-box-heading fusion-responsive-typography-calculated\" style=\"--h1_typography-font-size:18px;--fontSize:18;line-height:1;\">Buchvernissage<\/h1><\/a><\/div><div class=\"fusion-clearfix\"><\/div><div class=\"content-container\">\n<p>DENN MEIN<br \/>\nLEBEN IST LERNEN<\/p>\n<\/div><\/div><\/div><div class=\"fusion-clearfix\"><\/div><\/div><div class=\"fusion-content-boxes content-boxes columns row fusion-columns-1 fusion-columns-total-1 fusion-content-boxes-2 content-boxes-clean-vertical content-left content-boxes-icon-on-top event\" style=\"--awb-body-color:#ffffff;--awb-title-color:#ffffff;--awb-iconcolor:#005150;--awb-item-margin-bottom:0px;--awb-margin-bottom:20px;--awb-hover-accent-color:#005150;--awb-circle-hover-accent-color:#005150;\" id=\"shop\" data-animationOffset=\"top-into-view\"><div style=\"--awb-backgroundcolor:#88a4a3;--awb-iconcolor:#005150;border-color:#35baf2;\" class=\"fusion-column content-box-column content-box-column content-box-column-1 col-lg-12 col-md-12 col-sm-12 fusion-content-box-hover content-box-column-last content-box-column-last-in-row\"><div class=\"col content-box-wrapper content-wrapper-background link-area-box link-type-text icon-hover-animation-pulsate\" data-link=\"https:\/\/progenia.ch\/shop\/buch\/denn-mein-leben-ist-lernen\/\" data-link-target=\"_blank\" data-animationOffset=\"top-into-view\"><div class=\"heading heading-with-icon icon-left\"><a class=\"heading-link\" href=\"https:\/\/progenia.ch\/shop\/buch\/denn-mein-leben-ist-lernen\/\" target=\"_blank\" rel=\"noopener noreferrer\"><div aria-hidden=\"true\" class=\"image\"><img decoding=\"async\" class=\"lazyload\" src=\"data:image\/svg+xml,%3Csvg%20xmlns%3D%27http%3A%2F%2Fwww.w3.org%2F2000%2Fsvg%27%20width%3D%27400%27%20height%3D%27266%27%20viewBox%3D%270%200%20400%20266%27%3E%3Crect%20width%3D%27400%27%20height%3D%27266%27%20fill-opacity%3D%220%22%2F%3E%3C%2Fsvg%3E\" data-orig-src=\"https:\/\/progenia.ch\/wp-content\/uploads\/2023\/08\/00-Denn_mein_Leben_ist_Lernen_Olivier_Keller_Buchprasentation00-1-400x266-1-300x200.png\" width=\"300\" height=\"200\" alt=\"\" \/><\/div><h1 class=\"content-box-heading fusion-responsive-typography-calculated\" style=\"--h1_typography-font-size:18px;--fontSize:18;line-height:1;\">DENN MEIN LEBEN IST LERNEN<\/h1><\/a><\/div><div class=\"fusion-clearfix\"><\/div><div class=\"content-container\">\n<p>BUCH BESTELLEN<\/p>\n<\/div><\/div><\/div><div class=\"fusion-clearfix\"><\/div><\/div><div class=\"fusion-text fusion-text-2\">\n<div id=\"sb_instagram\"  class=\"sbi sbi_mob_col_1 sbi_tab_col_1 sbi_col_1 sbi_width_resp\" style=\"padding-bottom: 10px;\"\t data-feedid=\"*4\"  data-res=\"auto\" data-cols=\"1\" data-colsmobile=\"1\" data-colstablet=\"1\" data-num=\"1\" data-nummobile=\"1\" data-item-padding=\"5\"\t data-shortcode-atts=\"{&quot;feed&quot;:&quot;4&quot;}\"  data-postid=\"11307\" data-locatornonce=\"3effbe7a9c\" data-imageaspectratio=\"1:1\" data-sbi-flags=\"favorLocal,gdpr\">\n\t\n\t<div id=\"sbi_images\"  style=\"gap: 10px;\">\n\t\t<div class=\"sbi_item sbi_type_video sbi_new sbi_transition\"\n\tid=\"sbi_18119024329635548\" data-date=\"1776982399\">\n\t<div class=\"sbi_photo_wrap\">\n\t\t<a class=\"sbi_photo\" href=\"https:\/\/www.instagram.com\/reel\/DXfYh_5DzVZ\/\" target=\"_blank\" rel=\"noopener nofollow\" data-full-res=\"https:\/\/scontent-zrh1-1.cdninstagram.com\/v\/t51.82787-15\/658917187_17988364862986416_3483939837807745388_n.jpg?stp=dst-jpg_e35_tt6&#038;_nc_cat=105&#038;ccb=7-5&#038;_nc_sid=18de74&#038;efg=eyJlZmdfdGFnIjoiQ0xJUFMuYmVzdF9pbWFnZV91cmxnZW4uQzMifQ%3D%3D&#038;_nc_eui2=AeHq-Jivfwk9MzYLLbyp9elCJB9vTujK_vskH29O6Mr--zRbEMwg9eiuQqgzhh18LBk&#038;_nc_ohc=R29X0-zh0dMQ7kNvwFwXaYD&#038;_nc_oc=AdrQ7Bs00pCrBBURbmM9xpQuFJ6Hp6N5cxrH5e4LuLo6gczU6oGLUXHfrtzL8hMXhxQyAwD50QAkaiCVkkFpa7qF&#038;_nc_zt=23&#038;_nc_ht=scontent-zrh1-1.cdninstagram.com&#038;edm=AM6HXa8EAAAA&#038;_nc_gid=8t0FDPQUimZMukpqA4QW-Q&#038;_nc_tpa=Q5bMBQG4BDv4Bm3NUD78A00B-UPAhemBvR0E0ZvQIa8_uEsNyINtQIkAeLdkUN3hEYJ91NkU6UeGTTGF&#038;oh=00_Af5fQl1vxZeesCPc_3v0kZuy8xhThIriQZ82uxcyaf1i1A&#038;oe=6A0505AA\" data-img-src-set=\"{&quot;d&quot;:&quot;https:\\\/\\\/scontent-zrh1-1.cdninstagram.com\\\/v\\\/t51.82787-15\\\/658917187_17988364862986416_3483939837807745388_n.jpg?stp=dst-jpg_e35_tt6&amp;_nc_cat=105&amp;ccb=7-5&amp;_nc_sid=18de74&amp;efg=eyJlZmdfdGFnIjoiQ0xJUFMuYmVzdF9pbWFnZV91cmxnZW4uQzMifQ%3D%3D&amp;_nc_eui2=AeHq-Jivfwk9MzYLLbyp9elCJB9vTujK_vskH29O6Mr--zRbEMwg9eiuQqgzhh18LBk&amp;_nc_ohc=R29X0-zh0dMQ7kNvwFwXaYD&amp;_nc_oc=AdrQ7Bs00pCrBBURbmM9xpQuFJ6Hp6N5cxrH5e4LuLo6gczU6oGLUXHfrtzL8hMXhxQyAwD50QAkaiCVkkFpa7qF&amp;_nc_zt=23&amp;_nc_ht=scontent-zrh1-1.cdninstagram.com&amp;edm=AM6HXa8EAAAA&amp;_nc_gid=8t0FDPQUimZMukpqA4QW-Q&amp;_nc_tpa=Q5bMBQG4BDv4Bm3NUD78A00B-UPAhemBvR0E0ZvQIa8_uEsNyINtQIkAeLdkUN3hEYJ91NkU6UeGTTGF&amp;oh=00_Af5fQl1vxZeesCPc_3v0kZuy8xhThIriQZ82uxcyaf1i1A&amp;oe=6A0505AA&quot;,&quot;150&quot;:&quot;https:\\\/\\\/scontent-zrh1-1.cdninstagram.com\\\/v\\\/t51.82787-15\\\/658917187_17988364862986416_3483939837807745388_n.jpg?stp=dst-jpg_e35_tt6&amp;_nc_cat=105&amp;ccb=7-5&amp;_nc_sid=18de74&amp;efg=eyJlZmdfdGFnIjoiQ0xJUFMuYmVzdF9pbWFnZV91cmxnZW4uQzMifQ%3D%3D&amp;_nc_eui2=AeHq-Jivfwk9MzYLLbyp9elCJB9vTujK_vskH29O6Mr--zRbEMwg9eiuQqgzhh18LBk&amp;_nc_ohc=R29X0-zh0dMQ7kNvwFwXaYD&amp;_nc_oc=AdrQ7Bs00pCrBBURbmM9xpQuFJ6Hp6N5cxrH5e4LuLo6gczU6oGLUXHfrtzL8hMXhxQyAwD50QAkaiCVkkFpa7qF&amp;_nc_zt=23&amp;_nc_ht=scontent-zrh1-1.cdninstagram.com&amp;edm=AM6HXa8EAAAA&amp;_nc_gid=8t0FDPQUimZMukpqA4QW-Q&amp;_nc_tpa=Q5bMBQG4BDv4Bm3NUD78A00B-UPAhemBvR0E0ZvQIa8_uEsNyINtQIkAeLdkUN3hEYJ91NkU6UeGTTGF&amp;oh=00_Af5fQl1vxZeesCPc_3v0kZuy8xhThIriQZ82uxcyaf1i1A&amp;oe=6A0505AA&quot;,&quot;320&quot;:&quot;https:\\\/\\\/scontent-zrh1-1.cdninstagram.com\\\/v\\\/t51.82787-15\\\/658917187_17988364862986416_3483939837807745388_n.jpg?stp=dst-jpg_e35_tt6&amp;_nc_cat=105&amp;ccb=7-5&amp;_nc_sid=18de74&amp;efg=eyJlZmdfdGFnIjoiQ0xJUFMuYmVzdF9pbWFnZV91cmxnZW4uQzMifQ%3D%3D&amp;_nc_eui2=AeHq-Jivfwk9MzYLLbyp9elCJB9vTujK_vskH29O6Mr--zRbEMwg9eiuQqgzhh18LBk&amp;_nc_ohc=R29X0-zh0dMQ7kNvwFwXaYD&amp;_nc_oc=AdrQ7Bs00pCrBBURbmM9xpQuFJ6Hp6N5cxrH5e4LuLo6gczU6oGLUXHfrtzL8hMXhxQyAwD50QAkaiCVkkFpa7qF&amp;_nc_zt=23&amp;_nc_ht=scontent-zrh1-1.cdninstagram.com&amp;edm=AM6HXa8EAAAA&amp;_nc_gid=8t0FDPQUimZMukpqA4QW-Q&amp;_nc_tpa=Q5bMBQG4BDv4Bm3NUD78A00B-UPAhemBvR0E0ZvQIa8_uEsNyINtQIkAeLdkUN3hEYJ91NkU6UeGTTGF&amp;oh=00_Af5fQl1vxZeesCPc_3v0kZuy8xhThIriQZ82uxcyaf1i1A&amp;oe=6A0505AA&quot;,&quot;640&quot;:&quot;https:\\\/\\\/scontent-zrh1-1.cdninstagram.com\\\/v\\\/t51.82787-15\\\/658917187_17988364862986416_3483939837807745388_n.jpg?stp=dst-jpg_e35_tt6&amp;_nc_cat=105&amp;ccb=7-5&amp;_nc_sid=18de74&amp;efg=eyJlZmdfdGFnIjoiQ0xJUFMuYmVzdF9pbWFnZV91cmxnZW4uQzMifQ%3D%3D&amp;_nc_eui2=AeHq-Jivfwk9MzYLLbyp9elCJB9vTujK_vskH29O6Mr--zRbEMwg9eiuQqgzhh18LBk&amp;_nc_ohc=R29X0-zh0dMQ7kNvwFwXaYD&amp;_nc_oc=AdrQ7Bs00pCrBBURbmM9xpQuFJ6Hp6N5cxrH5e4LuLo6gczU6oGLUXHfrtzL8hMXhxQyAwD50QAkaiCVkkFpa7qF&amp;_nc_zt=23&amp;_nc_ht=scontent-zrh1-1.cdninstagram.com&amp;edm=AM6HXa8EAAAA&amp;_nc_gid=8t0FDPQUimZMukpqA4QW-Q&amp;_nc_tpa=Q5bMBQG4BDv4Bm3NUD78A00B-UPAhemBvR0E0ZvQIa8_uEsNyINtQIkAeLdkUN3hEYJ91NkU6UeGTTGF&amp;oh=00_Af5fQl1vxZeesCPc_3v0kZuy8xhThIriQZ82uxcyaf1i1A&amp;oe=6A0505AA&quot;}\">\n\t\t\t<span class=\"sbi-screenreader\">Ich halte inne.\n\nHeute ist Welttag des Buches.\n\nVo<\/span>\n\t\t\t\t\t\t<svg style=\"color: rgba(255,255,255,1)\" class=\"svg-inline--fa fa-play fa-w-14 sbi_playbtn\" aria-label=\"Play\" aria-hidden=\"true\" data-fa-processed=\"\" data-prefix=\"fa\" data-icon=\"play\" role=\"presentation\" xmlns=\"http:\/\/www.w3.org\/2000\/svg\" viewBox=\"0 0 448 512\"><path fill=\"currentColor\" d=\"M424.4 214.7L72.4 6.6C43.8-10.3 0 6.1 0 47.9V464c0 37.5 40.7 60.1 72.4 41.3l352-208c31.4-18.5 31.5-64.1 0-82.6z\"><\/path><\/svg>\t\t\t<img class=\"lazyload\" decoding=\"async\" src=\"data:image\/gif;base64,R0lGODlhAQABAAAAACH5BAEKAAEALAAAAAABAAEAAAICTAEAOw==\" data-orig-src=\"https:\/\/progenia.ch\/wp-content\/plugins\/instagram-feed\/img\/placeholder.png\" alt=\"Ich halte inne.\n\nHeute ist Welttag des Buches.\n\nVor genau drei Jahren \u2013 am 23. April 2023 \u2013 durfte ich im Volkshaus Z\u00fcrich einen besonderen Moment feiern:\u2028die Vernissage der Neuauflage meines Buches\u2028\u201eDenn mein Leben ist Lernen. Wie Menschen frei sich bilden\u201c.\n\nEs war mehr als eine Buchpr\u00e4sentation.\u2028Es war ein Zusammenkommen von Menschen, die mich \u00fcber Jahre begleitet, inspiriert und getragen haben.\n\nUnd es war auch der Moment, in dem die proGenia EDITION erstmals sichtbar wurde.\n\nWenn ich heute zur\u00fcckblicke, wird mir bewusst, wie wesentlich Beziehungen f\u00fcr unser Leben sind.\n\nEine dieser Beziehungen reicht weit zur\u00fcck:\u2028Dr. phil. Ursula Germann-M\u00fcller,\u2028meine Lehrerin f\u00fcr P\u00e4dagogik und Psychologie.\n\nSie hat damals einen Samen in mir erkannt \u2013\u2028und ihn beh\u00fctet.\n\nSie nahm ernst, was in mir noch suchend war.\n\nDass sie diesem Buch ein Vorwort geschenkt hat\u2028und an jenem Abend gesprochen hat,\u2028bedeutet mir bis heute sehr viel.\n\nVielleicht ist das das Wesen von Bildung:\u2028dass etwas in uns ber\u00fchrt und beh\u00fctet wird,\u2028das wachsen will.\n\nUnd vielleicht sind B\u00fccher nichts anderes als Spuren dieses Wachsens.\n\nIn Dankbarkeit.\nOlivier Keller\n\n#WelttagDesBuches\u2028#DennMeinLebenIstLernen\u2028#proGeniaEdition\u2028#Bildung\n#Dankbarkeit\" aria-hidden=\"true\">\n\t\t<\/a>\n\t<\/div>\n<\/div>\t<\/div>\n\n\t<div id=\"sbi_load\" >\n\n\t\n\t\n<\/div>\n\t\t<span class=\"sbi_resized_image_data\" data-feed-id=\"*4\"\n\t\t  data-resized=\"{&quot;18119024329635548&quot;:{&quot;id&quot;:&quot;658917187_17988364862986416_3483939837807745388_n&quot;,&quot;ratio&quot;:&quot;1.78&quot;,&quot;sizes&quot;:{&quot;full&quot;:640,&quot;low&quot;:320,&quot;thumb&quot;:150},&quot;extension&quot;:&quot;.webp&quot;}}\">\n\t<\/span>\n\t<\/div>\n\n\n<\/div><\/div><\/div><\/div><\/div><section class=\"fusion-fullwidth fullwidth-box fusion-builder-row-2 fusion-flex-container nonhundred-percent-fullwidth non-hundred-percent-height-scrolling fusion-no-small-visibility fusion-custom-z-index\" style=\"--awb-border-radius-top-left:0px;--awb-border-radius-top-right:0px;--awb-border-radius-bottom-right:0px;--awb-border-radius-bottom-left:0px;--awb-z-index:1;--awb-min-height:50px;--awb-flex-wrap:wrap;\" ><div class=\"fusion-builder-row fusion-row fusion-flex-align-items-flex-start fusion-flex-content-wrap\" style=\"max-width:1185.6px;margin-left: calc(-4% \/ 2 );margin-right: calc(-4% \/ 2 );\"><div class=\"fusion-layout-column fusion_builder_column fusion-builder-column-2 fusion_builder_column_1_1 1_1 fusion-flex-column\" style=\"--awb-bg-size:cover;--awb-width-large:100%;--awb-margin-top-large:0px;--awb-spacing-right-large:1.92%;--awb-margin-bottom-large:0px;--awb-spacing-left-large:1.92%;--awb-width-medium:100%;--awb-order-medium:0;--awb-spacing-right-medium:1.92%;--awb-spacing-left-medium:1.92%;--awb-width-small:100%;--awb-order-small:0;--awb-spacing-right-small:1.92%;--awb-spacing-left-small:1.92%;\"><div class=\"fusion-column-wrapper fusion-column-has-shadow fusion-flex-justify-content-flex-start fusion-content-layout-column\"><\/div><\/div><\/div><\/section><section class=\"fusion-fullwidth fullwidth-box fusion-builder-row-3 fusion-flex-container has-pattern-background has-mask-background nonhundred-percent-fullwidth non-hundred-percent-height-scrolling fusion-custom-z-index\" style=\"--awb-border-sizes-top:0px;--awb-border-sizes-bottom:0px;--awb-border-sizes-left:0px;--awb-border-sizes-right:0px;--awb-border-color:rgba(234,233,233,0);--awb-border-radius-top-left:0px;--awb-border-radius-top-right:0px;--awb-border-radius-bottom-right:0px;--awb-border-radius-bottom-left:0px;--awb-z-index:1;--awb-padding-top:0px;--awb-padding-bottom:0px;--awb-margin-top:5%;--awb-margin-bottom:10px;--awb-min-height:20px;--awb-background-color:#8da7a6;--awb-flex-wrap:wrap;\" ><div class=\"fusion-builder-row fusion-row fusion-flex-align-items-flex-start fusion-flex-content-wrap\" style=\"max-width:1185.6px;margin-left: calc(-4% \/ 2 );margin-right: calc(-4% \/ 2 );\"><\/div><\/section><section class=\"fusion-fullwidth fullwidth-box fusion-builder-row-4 fusion-flex-container has-pattern-background has-mask-background nonhundred-percent-fullwidth non-hundred-percent-height-scrolling\" style=\"--awb-border-radius-top-left:0px;--awb-border-radius-top-right:0px;--awb-border-radius-bottom-right:0px;--awb-border-radius-bottom-left:0px;--awb-padding-top:0px;--awb-padding-right:0px;--awb-padding-bottom:0px;--awb-padding-left:0px;--awb-padding-top-medium:0px;--awb-padding-right-medium:20px;--awb-padding-bottom-medium:0px;--awb-padding-left-medium:20px;--awb-padding-top-small:0px;--awb-padding-right-small:0px;--awb-padding-bottom-small:0px;--awb-padding-left-small:0px;--awb-margin-top:0px;--awb-margin-bottom:0px;--awb-margin-top-medium:0px;--awb-margin-bottom-medium:0px;--awb-margin-top-small:0px;--awb-margin-bottom-small:0px;--awb-flex-wrap:wrap;\" id=\"boxbeforefooter\" ><div class=\"fusion-builder-row fusion-row fusion-flex-align-items-center fusion-flex-justify-content-space-between fusion-flex-content-wrap\" style=\"max-width:calc( 1140px + 0px );margin-left: calc(-0px \/ 2 );margin-right: calc(-0px \/ 2 );\"><div class=\"fusion-layout-column fusion_builder_column fusion-builder-column-3 fusion_builder_column_1_1 1_1 fusion-flex-column fusion-flex-align-self-center\" style=\"--awb-bg-size:cover;--awb-width-large:100%;--awb-margin-top-large:10px;--awb-spacing-right-large:0px;--awb-margin-bottom-large:0px;--awb-spacing-left-large:0px;--awb-width-medium:25%;--awb-order-medium:0;--awb-spacing-right-medium:10px;--awb-spacing-left-medium:10px;--awb-width-small:100%;--awb-order-small:0;--awb-spacing-right-small:10px;--awb-spacing-left-small:10px;\" data-scroll-devices=\"small-visibility,medium-visibility,large-visibility\"><div class=\"fusion-column-wrapper fusion-column-has-shadow fusion-flex-justify-content-center fusion-content-layout-column\"><div class=\"fusion-text fusion-text-3 fusion-text-no-margin\" style=\"--awb-margin-top:0px;--awb-margin-bottom:0px;\"><div class=\"col-md-12 boxes-container footer-boxes\"><\/div>\n<\/div><\/div><\/div><\/div><\/section><\/p>\n","protected":false},"excerpt":{"rendered":"","protected":false},"author":20,"featured_media":0,"parent":0,"menu_order":0,"comment_status":"closed","ping_status":"closed","template":"100-width.php","meta":{"_acf_changed":false,"footnotes":""},"class_list":["post-11307","page","type-page","status-publish","hentry"],"acf":[],"_links":{"self":[{"href":"https:\/\/progenia.ch\/tr\/wp-json\/wp\/v2\/pages\/11307","targetHints":{"allow":["GET"]}}],"collection":[{"href":"https:\/\/progenia.ch\/tr\/wp-json\/wp\/v2\/pages"}],"about":[{"href":"https:\/\/progenia.ch\/tr\/wp-json\/wp\/v2\/types\/page"}],"author":[{"embeddable":true,"href":"https:\/\/progenia.ch\/tr\/wp-json\/wp\/v2\/users\/20"}],"replies":[{"embeddable":true,"href":"https:\/\/progenia.ch\/tr\/wp-json\/wp\/v2\/comments?post=11307"}],"version-history":[{"count":0,"href":"https:\/\/progenia.ch\/tr\/wp-json\/wp\/v2\/pages\/11307\/revisions"}],"wp:attachment":[{"href":"https:\/\/progenia.ch\/tr\/wp-json\/wp\/v2\/media?parent=11307"}],"curies":[{"name":"wp","href":"https:\/\/api.w.org\/{rel}","templated":true}]}}