{"id":14111,"date":"2025-10-11T00:08:26","date_gmt":"2025-10-10T23:08:26","guid":{"rendered":"https:\/\/progenia.ch\/shop\/?post_type=product&#038;p=14111"},"modified":"2025-11-01T13:52:36","modified_gmt":"2025-11-01T12:52:36","slug":"atelier-der-zeitzonen-saatkule","status":"publish","type":"product","link":"https:\/\/progenia.ch\/shop\/produkte\/kunstwelten\/atelier-der-zeitzonen-saatkule\/","title":{"rendered":"Atelier der Zeitzonen \u2013 Saatkule"},"content":{"rendered":"<p>Die Saatkule von Izmir \u2013 wie eine gemalte Erinnerung \u2013 erhebt sich vor dem ged\u00e4mpften Hintergrund Salzburgs. Dazwischen: Palmen, Tore, Schatten. Im rechten unteren Bildrand: ein Ateliermoment, eingefroren im Zwischenraum. Dieses Bild fragt nicht nur nach Herkunft und Gegenwart, sondern nach dem Ort, an dem sich innere und \u00e4u\u00dfere Landschaften \u00fcberschneiden.<\/p>\n","protected":false},"excerpt":{"rendered":"<p>Bild 3 aus dem Zyklus \u00abVon Linz in die \u00c4g\u00e4is \u2013 Erinnerungen auf Metall\u00bb<\/p>\n<p>K\u00fcnstlerin: Brigitta Edler<br \/>\nArbeiten: 2025<br \/>\nTechnik: Metallcollagen, Rost\/Acryl<br \/>\nFormat: 90 cm x 50 cm<\/p>\n","protected":false},"featured_media":14117,"comment_status":"open","ping_status":"closed","template":"","meta":{"_acf_changed":false},"product_brand":[],"product_cat":[2399],"product_tag":[2400],"class_list":{"0":"post-14111","1":"product","2":"type-product","3":"status-publish","4":"has-post-thumbnail","6":"product_cat-kunstwelten","7":"product_tag-brigitta-edler","9":"first","10":"instock","11":"sold-individually","12":"product-type-simple"},"acf":[],"_links":{"self":[{"href":"https:\/\/progenia.ch\/shop\/wp-json\/wp\/v2\/product\/14111","targetHints":{"allow":["GET"]}}],"collection":[{"href":"https:\/\/progenia.ch\/shop\/wp-json\/wp\/v2\/product"}],"about":[{"href":"https:\/\/progenia.ch\/shop\/wp-json\/wp\/v2\/types\/product"}],"replies":[{"embeddable":true,"href":"https:\/\/progenia.ch\/shop\/wp-json\/wp\/v2\/comments?post=14111"}],"wp:featuredmedia":[{"embeddable":true,"href":"https:\/\/progenia.ch\/shop\/wp-json\/wp\/v2\/media\/14117"}],"wp:attachment":[{"href":"https:\/\/progenia.ch\/shop\/wp-json\/wp\/v2\/media?parent=14111"}],"wp:term":[{"taxonomy":"product_brand","embeddable":true,"href":"https:\/\/progenia.ch\/shop\/wp-json\/wp\/v2\/product_brand?post=14111"},{"taxonomy":"product_cat","embeddable":true,"href":"https:\/\/progenia.ch\/shop\/wp-json\/wp\/v2\/product_cat?post=14111"},{"taxonomy":"product_tag","embeddable":true,"href":"https:\/\/progenia.ch\/shop\/wp-json\/wp\/v2\/product_tag?post=14111"}],"curies":[{"name":"wp","href":"https:\/\/api.w.org\/{rel}","templated":true}]}}