{"id":13947,"date":"2025-09-17T01:16:18","date_gmt":"2025-09-17T00:16:18","guid":{"rendered":"https:\/\/progenia.ch\/shop\/?post_type=product&#038;p=13947"},"modified":"2025-11-24T18:53:47","modified_gmt":"2025-11-24T17:53:47","slug":"caraba","status":"publish","type":"product","link":"https:\/\/progenia.ch\/shop\/produkte\/filmwelten\/caraba\/","title":{"rendered":"DVD CaRabA"},"content":{"rendered":"<p>CaRabA zeigt eine Welt ohne Schulen. In dieser suchen f\u00fcnf junge Menschen ihren ganz eigenen Weg. Phantasievoll erforscht der Film, wie das Leben selbst zum fortw\u00e4hrenden Bildungserlebnis wird.<br \/>\nDer erste Spielfilm zur Zukunft der Bildung regt an, gemeinsam Visionen zu entwickeln. Die Ausgangsfrage ist: Wann und wo geschieht Bildung eigentlich?<\/p>\n<div class=\"video-shortcode\"><iframe title=\"CaRabA - #LebenohneSchule\" src=\"https:\/\/player.vimeo.com\/video\/364411463?dnt=1&amp;app_id=122963\" width=\"1140\" height=\"641\" frameborder=\"0\" allow=\"autoplay; fullscreen; picture-in-picture; clipboard-write; encrypted-media; web-share\" referrerpolicy=\"strict-origin-when-cross-origin\"><\/iframe><\/div>\n<p>&nbsp;<\/p>\n<p>In dem Episodenfilm CaRabA forscht <em>SASKIA (24)<\/em> an einem Schlafmittel und ringt um dessen Anerkennung; der entwaffnend-naive <em>NURI (8)<\/em> begleitet seinen Vater beim Taxifahren und interviewt die Fahrg\u00e4ste; der vertr\u00e4umte <em>LOVIS (14)<\/em> spielt Tischtennis im Park, arbeitet an der Zeit und verliebt sich; <em>MAX (15)<\/em> malt Waschmaschinen beim Schleudern und entdeckt Gott in D\u00fcrer (oder umgekehrt); w\u00e4hrend bei der erst ziellosen <em>JANNE (15)<\/em> das Schicksal zum tempor\u00e4ren Auszug von zuhause und zur Feldforschung \u00fcber Familie f\u00fchrt.<\/p>\n<p>CaRabA erz\u00e4hlt von Vertrauen \u2013 in sich selbst und in die Menschen um einen herum.<\/p>\n<h4 class=\"western\"># WAS IST BILDUNG<\/h4>\n<p class=\"western\">Dass es mit der Bildung so nicht weitergehen kann, da sind sich alle einig. In den Diskussionen der letzten Jahre, die wir intensiv verfolgt haben, fehlen Bilder, wie zuk\u00fcnftige Bildungslandschaften aussehen k\u00f6nnten, die junge Menschen in ihrer W\u00fcrde ernst nehmen. Darum gibt es CaRabA! F\u00fcr die Herausforderungen, vor denen wir als Gesellschaft stehen, ist ein grundlegender Blickwechsel auf Kindheit und Bildung dringend notwendig.<\/p>\n<p class=\"western\">Die aktuellen Debatten verbleiben meistens innerhalb der Beschulungsideologie: sie kreisen um Schulkritik, Schulreformen und Schulersatz (Alternativschulen) <span lang=\"de-DE\">\u2013<\/span> manchmal auch um h\u00e4usliche Beschulung (\u201ehomeschooling\u201c). CaRabA will eine neue Perspektive er\u00f6ffnen, die sich nicht mehr blo\u00df an den bestehenden Problemen und Ungerechtigkeiten abarbeitet, sondern sucht, wie es sein k\u00f6nnte. Es geht um das M\u00f6gliche, Ersehnte, Utopische.<\/p>\n<p>CaRabA wird den Ansto\u00df dazu geben: Durch die spielerisch wie ernsthafte Erkundung der Folgen einer neuen gesellschaftlichen Situation: einem Leben ohne die Institution Schule.<\/p>\n<blockquote><p>\u00abIm Nachhinein \u00e4rgere ich mich, dass ich einen Realschulabschluss gemacht habe \u2013 ich h\u00e4tte bessere Sachen machen k\u00f6nnen in der Zeit. Deshalb bin ich seitdem konsequenter Autodidakt.\u00bb<br \/>\nJOSHUA CONEN<br \/>\nK\u00dcNSTLERZISCHE UND WIRTSCHAFTLICHE LEITUNG<\/p><\/blockquote>\n<h4 class=\"western\"># HANDLUNG<\/h4>\n<p class=\"western\">In f\u00fcnf Episoden wird der Zuschauer mitgenommen in einen Alltag, wo die Zeit, die vorher f\u00fcr die Schule reserviert war, nun anders gestaltet werden kann und muss <span lang=\"de-DE\">\u2013<\/span> konsequent erz\u00e4hlt aus der Perspektive der jungen Protagonist*innen, die zwischen 8 und 24 Jahre alt sind.<\/p>\n<p class=\"western\">Dabei wird erfahrbar, wie aus den vielf\u00e4ltigen M\u00f6glichkeiten des ungehinderten Lebens \u2013 wenn die Kr\u00e4fte des Schicksals und der eigenen Neugierde zum bestimmenden Moment werden \u2013 Leidenschaften und Begeisterung entstehen. Diese bringen schlie\u00dflich und fast unweigerlich auch Kompetenzen mit sich.<\/p>\n<h4 class=\"western\"># ENTSTEHUNG<\/h4>\n<p>CaRabA wurde geboren im April 2014, als der freischaffende Philosoph Bertrand Stern die wahnwitzige Idee hatte, einen Film auf die Beine zu stellen, der vision\u00e4r eine m\u00f6gliche Zukunft der Bildungslandschaft darstellt. Mit Joshua Conens fand er den Partner um dieses Vorhaben in die Welt zu bringen \u2013 er \u00fcbernahm die gesamte Umsetzung und Realisierung des Projektes.<\/p>\n<p>Nach vielen inhaltlichen Gespr\u00e4chen und Diskussionen wurden die f\u00fcnf Geschichten in einer Welt ohne Schulen entwickelt.<\/p>\n<p class=\"western\">Der 90-min\u00fctige Film CaRabA wurde schlie\u00dflich von August bis Oktober 2017 nach 3,5-j\u00e4hriger Vorbereitung in Berlin gedreht. Mit \u00fcber 60 Schauspieler*innen, mehr als 200 Komparsen*innen und \u00fcber 40 Drehorten wurde das Mammut-Projekt von einem professionellen Filmteam mit viel Herzblut umgesetzt. Neben dem inhaltlichen Grundimpuls stand immer im Fokus, ein hochwertiges, k\u00fcnstlerisches Werk zu schaffen.<\/p>\n<p>Nach dem aufwendigen Schnittprozess, bei dem viele Monate mit der Dramaturgie des Episodenfilms gerungen wurde, erblickte CaRabA am 5. Mai 2019 endlich das Licht der Welt. Bei der Premiere in Berlin kamen \u00fcber 400 Menschen. Es folgte die Auswertung in Deutschland, \u00d6sterreich und Schweiz in den kommunalen und Programmkinos. Bei \u00fcber 120 Vorf\u00fchrungen sahen fast 5.000 Menschen CaRabA allein im Jahr 2019.<\/p>\n<p class=\"western\">CaRabA wurde von Anfang an mit sehr viel Herzblut, pers\u00f6nlichem Einsatz und vielen helfenden H\u00e4nden realisiert. Nur dadurch war es \u00fcberhaupt m\u00f6glich, das gemeinn\u00fctzige Projekt mit sehr begrenzten Mitteln zu realisieren \u2013 eine echte Herausforderung.<\/p>\n<h4># FINANZIERUNG<\/h4>\n<div class=\"wpb_text_column wpb_content_element vc_custom_1527157722526\">\n<div class=\"wpb_wrapper\">\n<p>Unser Ziel ist ideell \u2013 wir wollen etwas bewegen, nicht wirtschaftlich Erfolge erzielen. Das hei\u00dft, dass wir unabh\u00e4ngig von gro\u00dfen Sponsoren oder inhaltlichen Einschr\u00e4nkungen durch F\u00f6rderer sind. Gleichzeitig hei\u00dft das aber auch, dass alle Beteiligten mit sehr viel Einsatz und weitestgehend ehrenamtlich an diesem Projekt mitwirken.<\/p>\n<p>Wesentlich zur Finanzierung des Vorhabens war ein gro\u00dfes Crowdfunding, bei dem fast 40.000 Euro zusammen kamen: <a href=\"https:\/\/www.startnext.de\/caraba\" target=\"_blank\" rel=\"noopener noreferrer nofollow\">www.startnext.de\/caraba<\/a><br \/>\nWeitere Unterst\u00fctzung ist sehr willkommen und notwendig. Mit nur wenigen Klicks \u00fcber diesen Link: <a href=\"https:\/\/www.caraba.de\/spenden\/\" rel=\"nofollow noopener\" target=\"_blank\">Spenden<\/a>.<\/p>\n<p>Rechtlicher Tr\u00e4ger des Projektes ist der gemeinn\u00fctzige Verein \u201cZwischenzeit e.V.\u201d mit Sitz in Berlin.<\/p>\n<p>&nbsp;<\/p>\n<\/div>\n<\/div>\n","protected":false},"excerpt":{"rendered":"<p>#LebenohneSchule<\/p>\n<p>Initiator: Bertrand Stern<br \/>\nProjektleiter: Joshua Conens<br \/>\nRegisseurin: Katharina Mihm<br \/>\nPremiere: 4. Mai 2019, Berlin<br \/>\nGenre: Episodenfilm, Coming of Age<\/p>\n","protected":false},"featured_media":14070,"comment_status":"open","ping_status":"closed","template":"","meta":{"_acf_changed":false},"product_brand":[],"product_cat":[2398],"product_tag":[2392],"class_list":{"0":"post-13947","1":"product","2":"type-product","3":"status-publish","4":"has-post-thumbnail","6":"product_cat-filmwelten","7":"product_tag-bertrand-stern","9":"first","10":"instock","11":"sold-individually","12":"product-type-simple"},"acf":[],"_links":{"self":[{"href":"https:\/\/progenia.ch\/shop\/wp-json\/wp\/v2\/product\/13947","targetHints":{"allow":["GET"]}}],"collection":[{"href":"https:\/\/progenia.ch\/shop\/wp-json\/wp\/v2\/product"}],"about":[{"href":"https:\/\/progenia.ch\/shop\/wp-json\/wp\/v2\/types\/product"}],"replies":[{"embeddable":true,"href":"https:\/\/progenia.ch\/shop\/wp-json\/wp\/v2\/comments?post=13947"}],"wp:featuredmedia":[{"embeddable":true,"href":"https:\/\/progenia.ch\/shop\/wp-json\/wp\/v2\/media\/14070"}],"wp:attachment":[{"href":"https:\/\/progenia.ch\/shop\/wp-json\/wp\/v2\/media?parent=13947"}],"wp:term":[{"taxonomy":"product_brand","embeddable":true,"href":"https:\/\/progenia.ch\/shop\/wp-json\/wp\/v2\/product_brand?post=13947"},{"taxonomy":"product_cat","embeddable":true,"href":"https:\/\/progenia.ch\/shop\/wp-json\/wp\/v2\/product_cat?post=13947"},{"taxonomy":"product_tag","embeddable":true,"href":"https:\/\/progenia.ch\/shop\/wp-json\/wp\/v2\/product_tag?post=13947"}],"curies":[{"name":"wp","href":"https:\/\/api.w.org\/{rel}","templated":true}]}}