{"id":13136,"date":"2025-01-23T17:42:57","date_gmt":"2025-01-23T17:42:57","guid":{"rendered":"https:\/\/progenia.ch\/shop\/?post_type=product&#038;p=13136"},"modified":"2025-11-01T13:40:48","modified_gmt":"2025-11-01T12:40:48","slug":"gabriel","status":"publish","type":"product","link":"https:\/\/progenia.ch\/shop\/produkte\/buchwelten\/gabriel\/","title":{"rendered":"Gabriel"},"content":{"rendered":"<p>Geliebter Gabriel,<\/p>\n<p>du bist Tr\u00e4ger neuer M\u00f6glichkeiten, die sich wahrlich von einstigen Irrwegen abheben! Wof\u00fcr diese kritische Reflektion \u00fcber jahrzehnte meiner zivilisationskritischen Auseinandersetzungen mit dem Alten und Obsoleten?<br \/>\nWeil sie ein guter Begleiter auf dem von Dir, mein geliebter Gabriel, gew\u00e4hlten Weg hin zum Originellen sein m\u00f6ge.<\/p>\n<p>Dein Bertrand<\/p>\n","protected":false},"excerpt":{"rendered":"<p>Vom Entdecken eines gl\u00fccklich befreiten Lebens<\/p>\n<p>Autor: Bertrand Stern<br \/>\nErscheinungsjahr: 2018<br \/>\nVerlag: Klemm+Oelschl\u00e4ger<\/p>\n","protected":false},"featured_media":13138,"comment_status":"open","ping_status":"closed","template":"","meta":{"_acf_changed":false},"product_brand":[],"product_cat":[2395],"product_tag":[2392],"class_list":{"0":"post-13136","1":"product","2":"type-product","3":"status-publish","4":"has-post-thumbnail","6":"product_cat-buchwelten","7":"product_tag-bertrand-stern","9":"first","10":"instock","11":"sold-individually","12":"taxable","13":"shipping-taxable","14":"product-type-simple"},"acf":[],"_links":{"self":[{"href":"https:\/\/progenia.ch\/shop\/wp-json\/wp\/v2\/product\/13136","targetHints":{"allow":["GET"]}}],"collection":[{"href":"https:\/\/progenia.ch\/shop\/wp-json\/wp\/v2\/product"}],"about":[{"href":"https:\/\/progenia.ch\/shop\/wp-json\/wp\/v2\/types\/product"}],"replies":[{"embeddable":true,"href":"https:\/\/progenia.ch\/shop\/wp-json\/wp\/v2\/comments?post=13136"}],"wp:featuredmedia":[{"embeddable":true,"href":"https:\/\/progenia.ch\/shop\/wp-json\/wp\/v2\/media\/13138"}],"wp:attachment":[{"href":"https:\/\/progenia.ch\/shop\/wp-json\/wp\/v2\/media?parent=13136"}],"wp:term":[{"taxonomy":"product_brand","embeddable":true,"href":"https:\/\/progenia.ch\/shop\/wp-json\/wp\/v2\/product_brand?post=13136"},{"taxonomy":"product_cat","embeddable":true,"href":"https:\/\/progenia.ch\/shop\/wp-json\/wp\/v2\/product_cat?post=13136"},{"taxonomy":"product_tag","embeddable":true,"href":"https:\/\/progenia.ch\/shop\/wp-json\/wp\/v2\/product_tag?post=13136"}],"curies":[{"name":"wp","href":"https:\/\/api.w.org\/{rel}","templated":true}]}}