{"id":2373,"date":"2023-04-08T10:00:34","date_gmt":"2023-04-08T10:00:34","guid":{"rendered":"https:\/\/progenia.ch\/shop\/?post_type=product&#038;p=2373"},"modified":"2026-02-16T19:52:32","modified_gmt":"2026-02-16T18:52:32","slug":"denn-mein-leben-ist-lernen","status":"publish","type":"product","link":"https:\/\/progenia.ch\/shop\/tr\/produkte\/buchwelten\/denn-mein-leben-ist-lernen\/","title":{"rendered":"Denn mein Leben ist Lernen"},"content":{"rendered":"<p>Dieses Buch zeigt, wie Menschen sich entfalten, denen es verg\u00f6nnt ist, frei sich zu bilden. Eingebettet in ihr nat\u00fcrliches Umfeld, verbunden mit ihrer Mitte, begegnen sie auf ihrer Lebensreise dem Kosmos und seinen Ph\u00e4nomenen. Auf der Suche nach den Dimensionen des urspr\u00fcnglichen Lernens erforscht Olivier Keller Erfahrungsprozesse von Menschen, die bereits in jungen Jahren, gar vom ersten Augenblick ihres Daseins an, in ihrer Kompetenz gesehen und gew\u00fcrdigt werden. Er beschreibt feinsinnig und detailreich, wie Menschen ihre Genialit\u00e4t zum Bl\u00fchen bringen, die jedem Wesen innewohnt.<\/p>\n<blockquote><p>\u00abErstmals im Jahre 1999 erschienen, gelang Olivier Keller mit seinem Buch eine Pionierleistung. Er markierte mit seinem mutigen Werk eine Stimmung des Aufbruchs ins 21. Jahrhundert. Seine inspirierende Dokumentation ist ein Meilenstein auf dem Weg zu einem neuen Verst\u00e4ndnis von Bildung und Lernen und weist in eine demokratische Zukunft: Eine Zukunft, in der Menschen \u2013 jung und alt \u2013 als Subjekte handeln.\u00bb<br \/>\nULRICH KLEMM<br \/>\nPROFESSOR F\u00dcR ERWACHSENENBILDUNG UND WEITERBILDUNG, VERLEGER<\/p><\/blockquote>\n<blockquote><p>\u00ab Oliviers Buch ist ein Meisterwerk des lebendigen Erz\u00e4hlens und Einblick-Gew\u00e4hrens, eine authentische Begegnung mit dem Frei-sich-Bilden, ein Horizonterweiterer, ein Mutmacher, ein sprachlich, optisch und haptisch \u00e4sthetischer Genuss, ein wahres Geschenk. All meine Empfindungen und eigenen Beobachtungen schienen sich in diesem wunderbaren Werk und Oliviers aufmerksamen Beobachtungen der im Buch portr\u00e4tierten Familien auf ihren individuelle Wegen des Frei-sich-BiIdens widerzuspiegeln, und die dargestellten Erfahrungen der Familien gaben mir den entscheidenden Impuls, auf mein Herz, mein Gef\u00fchl als Mutter und meinen Verstand zu vertrauen und mich mit meiner eigenen Familie in dieses Abenteuer eines schulfreien Lebens zu begeben!<br \/>\nM\u00f6gen sich viele Menschen von diesem inspirieren lassen und mit Liebe, Freude, Vertrauen und Verbindung ihre ganz eigenen Spuren des Lebens zeichnen!\u00bb<br \/>\nKATI SA\u00df<br \/>\nEHEMALIGE LEHRERIN, MUTTER ZWEIER FREI SICH BILDENDER T\u00d6CHTER, PIONIERIN, LEBENSREISENDE<\/p><\/blockquote>\n<blockquote><p>\u00abEin Schl\u00fcsselbuch in meinem Leben. Es half mir aus dem Dilemma heraus, als Mutter keine Lehrerin f\u00fcr meine Kinder sein zu m\u00fcssen. Beim freien Lernen reicht es, einfach Mutter zu sein \u2013 pr\u00e4sent zu sein, aufmerksam zuzuh\u00f6ren und mit den Kindern Spuren zu entdecken, wie sie Antworten auf ihre Fragen finden. Wir alle wachsen durch diese Fragen weiter, da sie in die Zukunft gerichtet sind.<br \/>\nDas Buch verwebt unglaublich sch\u00f6n und inspirierend biografische Lebensentw\u00fcrfe von Eltern und Kindern mit fotografischen Impressionen, weisen Leits\u00e4tzen und den differenzierten \u00dcberlegungen zu den Herausforderungen der Schul-P\u00e4dagogik. Olivier Keller dekonstruiert die heutige Schule anhand dieser Fragen und vergleicht sie erst dann mit dem Freien Lernen. Diese behutsame Herangehensweise baut Br\u00fccken der Verst\u00e4ndigung und schafft eine neue Sicht auf \u2039Sinnbildung\u203a.\u00bb<br \/>\nREGULA KUNZ<br \/>\nPROF. DR., STUDIENLEITERIN, DIE SICH F\u00dcR FREIES LERNEN IN DER TERTI\u00c4RBILDUNG EINSETZT, INITIANTIN DER \u00abFREIFORM\u00bb, MUTTER UNTERDESSEN ZWEIER ERWACHSENER S\u00d6HNE, DIE DAS FREIE LERNEN IHR LEBEN LANG WEITERLEBEN<\/p><\/blockquote>\n<blockquote><p>\u00abOlivier Keller \u00fcberzeugt mit einer Pr\u00e4zision der Beobachtung und Beschreibung, die er aus seiner unerm\u00fcdlichen Passion f\u00fcr die Erforschung seines Themas sch\u00f6pft. Mit seinem Werk macht er die revolution\u00e4re und befreiende Kraft der Bildung ohne schulischen Zwang einer gr\u00f6sseren \u00d6ffentlichkeit zug\u00e4nglich.<br \/>\nDie Begeisterung f\u00fcr seine Entdeckungen haben uns dazu ermutigt, mit unseren Kindern genau diese Spur aufzunehmen. Sohn wie Tochter sind heute selbst\u00e4ndige und sozial integrierte Erwachsene und gehen durchs Leben mit verantwortungsbewusster und sinnorientierter Lebensweise. Letztlich sehen wir das Werk von Olivier Keller als Empowerment f\u00fcr das, was in uns genuin menschlich, oder im Sinne von Erich Fromm, biophil sein will. M\u00f6ge es in diesem Sinne jeden Menschen inspirieren, der es liest.\u00bb<br \/>\nMICHAEL Y. WIENER<br \/>\nSCHWEIZER UNTERNEHMER, EHEMALIGER HOCHSCHULPROFESSOR<\/p><\/blockquote>\n<blockquote><p>\u00abOlivier Kellers Buch ist eine Offenbarung!<br \/>\nUnser Arzt stellte bei unserem damals zehnj\u00e4hrigen Sohn die Diagnose \u00abschulkrank\u00bb. Dank Oliviers Buch fassten wir den Mut, unser Kind von der Schule zu nehmen und ihn nicht zu unterrichten. Er wurde wieder gesund und entdeckte die Lust am Lernen.<br \/>\nHeute sind unsere drei unbeschulten Kinder erwachsen und \u00fcben ihre Berufe voller Leidenschaft aus.<br \/>\nOliviers Buch war unsere Rettung!\u00bb<br \/>\nMONIKA FIECHTER STALDER<br \/>\nPFLEGEFACHFRAU, BERUFSSCHULLEHRERIN UND EIDG. DIPL. AUSBILDUNGSLEITERIN<\/p><\/blockquote>\n<blockquote><p>\u00abAngetreten ist dieses Jahrhundert des Kindes mit dem hehren Ziel, das Kind aus einer widersinnigen Unm\u00fcndigkeit zu befreien. Und das Ergebnis? Die schlimmste Dressuranstalt, die dem Kind seine nat\u00fcrliche Eigenart und seine Eigenst\u00e4ndigkeit austreibt, ist nach wie vor die Schule. Es geht ohne. Die Beispiele, die Olivier Keller in jahrelanger Recherche zusammengetragen hat, beweisen es. Nehmen wir es endlich zur Kenntnis und ziehen die Konsequenzen.\u00bb<br \/>\nHANS A. PESTALOZZI<br \/>\nMIGROS-MANAGER, LEITER DES GOTTLIEB-DUTTWEILER-INSTITUTS, PUBLIZIST<\/p><\/blockquote>\n","protected":false},"excerpt":{"rendered":"<p>Wie Menschen frei sich bilden<\/p>\n<p>Autor: Olivier Keller<br \/>\nErscheinungsdatum: 23. April 2023<br \/>\nVerlag: <a href=\"https:\/\/progenia.ch\/home\/edition\/\" target=\"_blank\" rel=\"noopener\">proGenia EDITION<\/a><\/p>\n","protected":false},"featured_media":11212,"comment_status":"open","ping_status":"closed","template":"","meta":{"_acf_changed":false},"product_brand":[],"product_cat":[2395],"product_tag":[2385],"class_list":{"0":"post-2373","1":"product","2":"type-product","3":"status-publish","4":"has-post-thumbnail","6":"product_cat-buchwelten","7":"product_tag-olivier-keller","8":"product_shipping_class-progenia-edition","10":"first","11":"instock","12":"sold-individually","13":"product-type-simple"},"acf":[],"_links":{"self":[{"href":"https:\/\/progenia.ch\/shop\/tr\/wp-json\/wp\/v2\/product\/2373","targetHints":{"allow":["GET"]}}],"collection":[{"href":"https:\/\/progenia.ch\/shop\/tr\/wp-json\/wp\/v2\/product"}],"about":[{"href":"https:\/\/progenia.ch\/shop\/tr\/wp-json\/wp\/v2\/types\/product"}],"replies":[{"embeddable":true,"href":"https:\/\/progenia.ch\/shop\/tr\/wp-json\/wp\/v2\/comments?post=2373"}],"wp:featuredmedia":[{"embeddable":true,"href":"https:\/\/progenia.ch\/shop\/tr\/wp-json\/wp\/v2\/media\/11212"}],"wp:attachment":[{"href":"https:\/\/progenia.ch\/shop\/tr\/wp-json\/wp\/v2\/media?parent=2373"}],"wp:term":[{"taxonomy":"product_brand","embeddable":true,"href":"https:\/\/progenia.ch\/shop\/tr\/wp-json\/wp\/v2\/product_brand?post=2373"},{"taxonomy":"product_cat","embeddable":true,"href":"https:\/\/progenia.ch\/shop\/tr\/wp-json\/wp\/v2\/product_cat?post=2373"},{"taxonomy":"product_tag","embeddable":true,"href":"https:\/\/progenia.ch\/shop\/tr\/wp-json\/wp\/v2\/product_tag?post=2373"}],"curies":[{"name":"wp","href":"https:\/\/api.w.org\/{rel}","templated":true}]}}