{"id":438,"date":"2025-11-19T15:47:31","date_gmt":"2025-11-19T14:47:31","guid":{"rendered":"https:\/\/progenia.ch\/info\/?page_id=438"},"modified":"2026-04-21T18:47:50","modified_gmt":"2026-04-21T16:47:50","slug":"blog","status":"publish","type":"page","link":"https:\/\/progenia.ch\/info\/glossar\/blog\/","title":{"rendered":"blog"},"content":{"rendered":"\t\t<div data-elementor-type=\"wp-page\" data-elementor-id=\"438\" class=\"elementor elementor-438\">\n\t\t\t\t\t\t<section class=\"elementor-section elementor-top-section elementor-element elementor-element-f5b50c0 elementor-section-boxed elementor-section-height-default elementor-section-height-default\" data-id=\"f5b50c0\" data-element_type=\"section\" data-e-type=\"section\">\n\t\t\t\t\t\t<div class=\"elementor-container elementor-column-gap-default\">\n\t\t\t\t\t<div class=\"elementor-column elementor-col-100 elementor-top-column elementor-element elementor-element-dee9f66\" data-id=\"dee9f66\" data-element_type=\"column\" data-e-type=\"column\">\n\t\t\t<div class=\"elementor-widget-wrap elementor-element-populated\">\n\t\t\t\t\t\t<section class=\"elementor-section elementor-inner-section elementor-element elementor-element-a1b4491 elementor-section-boxed elementor-section-height-default elementor-section-height-default\" data-id=\"a1b4491\" data-element_type=\"section\" data-e-type=\"section\">\n\t\t\t\t\t\t<div class=\"elementor-container elementor-column-gap-default\">\n\t\t\t\t\t<div class=\"elementor-column elementor-col-100 elementor-inner-column elementor-element elementor-element-db0b7d4\" data-id=\"db0b7d4\" data-element_type=\"column\" data-e-type=\"column\">\n\t\t\t<div class=\"elementor-widget-wrap elementor-element-populated\">\n\t\t\t\t\t\t<div class=\"elementor-element elementor-element-195f30c elementor-widget elementor-widget-heading\" data-id=\"195f30c\" data-element_type=\"widget\" data-e-type=\"widget\" data-widget_type=\"heading.default\">\n\t\t\t\t\t<h2 class=\"elementor-heading-title elementor-size-default\">GEDANKEN, DIE WEITERF\u00dcHREN<\/h2>\t\t\t\t<\/div>\n\t\t\t\t<div class=\"elementor-element elementor-element-dc53263 elementor-widget elementor-widget-hfe-breadcrumbs-widget\" data-id=\"dc53263\" data-element_type=\"widget\" data-e-type=\"widget\" data-widget_type=\"hfe-breadcrumbs-widget.default\">\n\t\t\t\t<div class=\"elementor-widget-container\">\n\t\t\t\t\t<nav aria-label=\"Breadcrumb\"><ul class=\"hfe-breadcrumbs hfe-breadcrumbs-show-home\"><li class=\"hfe-breadcrumbs-item hfe-breadcrumbs-first\"><span class=\"hfe-breadcrumbs-home-icon\"><\/span><a href=\"https:\/\/progenia.ch\/info\"><span class=\"hfe-breadcrumbs-text\">proGenia.info<\/span><\/a><\/li><\/ul><\/nav>\t\t\t\t<\/div>\n\t\t\t\t<\/div>\n\t\t\t\t\t<\/div>\n\t\t<\/div>\n\t\t\t\t\t<\/div>\n\t\t<\/section>\n\t\t\t\t\t<\/div>\n\t\t<\/div>\n\t\t\t\t\t<\/div>\n\t\t<\/section>\n\t\t\t\t<section class=\"elementor-section elementor-top-section elementor-element elementor-element-e527823 elementor-section-boxed elementor-section-height-default elementor-section-height-default\" data-id=\"e527823\" data-element_type=\"section\" data-e-type=\"section\" id=\"video\">\n\t\t\t\t\t\t<div class=\"elementor-container elementor-column-gap-default\">\n\t\t\t\t\t<div class=\"elementor-column elementor-col-100 elementor-top-column elementor-element elementor-element-55b6dc2\" data-id=\"55b6dc2\" data-element_type=\"column\" data-e-type=\"column\">\n\t\t\t<div class=\"elementor-widget-wrap elementor-element-populated\">\n\t\t\t\t\t\t<div class=\"elementor-element elementor-element-876fe83 elementor-widget elementor-widget-text-editor\" data-id=\"876fe83\" data-element_type=\"widget\" data-e-type=\"widget\" data-widget_type=\"text-editor.default\">\n\t\t\t\t\t\t\t\t\t<h2 data-prosemirror-content-type=\"node\" data-prosemirror-node-name=\"paragraph\" data-prosemirror-node-block=\"true\" data-pm-slice=\"1 1 []\">YOUTUBE-VIDEO EINF\u00dcGEN<\/h2><h3 data-prosemirror-content-type=\"node\" data-prosemirror-node-name=\"paragraph\" data-prosemirror-node-block=\"true\" data-pm-slice=\"1 1 []\">SO ERG\u00c4NZT DU DEINEN BEITRAG UM BEWEGTE BILDER<\/h3><p data-prosemirror-content-type=\"node\" data-prosemirror-node-name=\"paragraph\" data-prosemirror-node-block=\"true\" data-pm-slice=\"1 1 []\">Mit dieser Funktion kannst du ein YouTube-Video direkt in Deinen Artikel einf\u00fcgen. Das Video erscheint direkt nach der Einleitung Deines Artikels und kann von Leserinnen und Lesern unmittelbar abgespielt werden.<\/p><h3 data-prosemirror-content-type=\"node\" data-prosemirror-node-name=\"paragraph\" data-prosemirror-node-block=\"true\">SO GEHST DU VOR<\/h3><ol class=\"ak-ol\" start=\"1\" data-prosemirror-content-type=\"node\" data-prosemirror-node-name=\"orderedList\" data-prosemirror-node-block=\"true\"><li data-prosemirror-content-type=\"node\" data-prosemirror-node-name=\"listItem\" data-prosemirror-node-block=\"true\"><p data-prosemirror-content-type=\"node\" data-prosemirror-node-name=\"paragraph\" data-prosemirror-node-block=\"true\">\u00d6ffne dein Video auf YouTube (im Browser oder in der App).<\/p><\/li><li data-prosemirror-content-type=\"node\" data-prosemirror-node-name=\"listItem\" data-prosemirror-node-block=\"true\"><p data-prosemirror-content-type=\"node\" data-prosemirror-node-name=\"paragraph\" data-prosemirror-node-block=\"true\">Klicke auf <strong data-prosemirror-content-type=\"mark\" data-prosemirror-mark-name=\"strong\">\u201eTeilen\u201c<\/strong> unter dem Video.<\/p><\/li><li data-prosemirror-content-type=\"node\" data-prosemirror-node-name=\"listItem\" data-prosemirror-node-block=\"true\"><p data-prosemirror-content-type=\"node\" data-prosemirror-node-name=\"paragraph\" data-prosemirror-node-block=\"true\">W\u00e4hle <strong data-prosemirror-content-type=\"mark\" data-prosemirror-mark-name=\"strong\">\u201eLink kopieren\u201c<\/strong>.<\/p><\/li><li data-prosemirror-content-type=\"node\" data-prosemirror-node-name=\"listItem\" data-prosemirror-node-block=\"true\"><p data-prosemirror-content-type=\"node\" data-prosemirror-node-name=\"paragraph\" data-prosemirror-node-block=\"true\">F\u00fcge diesen Link in das entsprechende Feld auf proGenia ein.<\/p><\/li><\/ol><h3 data-prosemirror-content-type=\"node\" data-prosemirror-node-name=\"paragraph\" data-prosemirror-node-block=\"true\">WICHTIGER HINWEIS<\/h3><p data-prosemirror-content-type=\"node\" data-prosemirror-node-name=\"paragraph\" data-prosemirror-node-block=\"true\">Achte darauf, dass du den direkten YouTube-Link einf\u00fcgst<br data-prosemirror-content-type=\"node\" data-prosemirror-node-name=\"hardBreak\" data-prosemirror-node-inline=\"true\" \/>(z. B. <span class=\"code\" spellcheck=\"false\" data-prosemirror-content-type=\"mark\" data-prosemirror-mark-name=\"code\">https:\/\/www.youtube.com\/watch?v=&#8230;<\/span> oder <span class=\"code\" spellcheck=\"false\" data-prosemirror-content-type=\"mark\" data-prosemirror-mark-name=\"code\">https:\/\/youtu.be\/&#8230;<\/span>).<\/p><p data-prosemirror-content-type=\"node\" data-prosemirror-node-name=\"paragraph\" data-prosemirror-node-block=\"true\">WAS GESCHIEHT DANACH?<br data-prosemirror-content-type=\"node\" data-prosemirror-node-name=\"hardBreak\" data-prosemirror-node-inline=\"true\" \/>Sobald Du den Link eingef\u00fcgt hast, wird das Video automatisch erkannt und in Deinen Beitrag eingebettet. Es erscheint dort als sichtbares Element, das Deine Worte erg\u00e4nzt und erweitert.<\/p><h3 data-prosemirror-content-type=\"node\" data-prosemirror-node-name=\"paragraph\" data-prosemirror-node-block=\"true\">IM SINNE VON PROGENIA<\/h3><p data-prosemirror-content-type=\"node\" data-prosemirror-node-name=\"paragraph\" data-prosemirror-node-block=\"true\">Ein Video ist mehr als ein Zusatz. Es kann ein Gedanke in Bewegung sein \u2014 ein Moment, der Dein Geschriebenes vertieft und f\u00fcr andere erfahrbar macht.<\/p>\t\t\t\t\t\t\t\t<\/div>\n\t\t\t\t\t<\/div>\n\t\t<\/div>\n\t\t\t\t\t<\/div>\n\t\t<\/section>\n\t\t\t\t<\/div>\n\t\t","protected":false},"excerpt":{"rendered":"<p>GEDANKEN, DIE WEITERF\u00dcHREN proGenia.info YOUTUBE-VIDEO EINF\u00dcGEN SO ERG\u00c4NZT DU DEINEN BEITRAG UM BEWEGTE BILDER Mit dieser Funktion kannst du ein YouTube-Video direkt in Deinen Artikel einf\u00fcgen. Das Video erscheint direkt nach der Einleitung Deines Artikels und kann von Leserinnen und Lesern unmittelbar abgespielt werden. SO GEHST DU VOR \u00d6ffne dein Video auf YouTube (im Browser [&hellip;]<\/p>\n","protected":false},"author":1,"featured_media":0,"parent":380,"menu_order":0,"comment_status":"closed","ping_status":"closed","template":"","meta":{"footnotes":""},"class_list":["post-438","page","type-page","status-publish","hentry"],"_links":{"self":[{"href":"https:\/\/progenia.ch\/info\/wp-json\/wp\/v2\/pages\/438","targetHints":{"allow":["GET"]}}],"collection":[{"href":"https:\/\/progenia.ch\/info\/wp-json\/wp\/v2\/pages"}],"about":[{"href":"https:\/\/progenia.ch\/info\/wp-json\/wp\/v2\/types\/page"}],"author":[{"embeddable":true,"href":"https:\/\/progenia.ch\/info\/wp-json\/wp\/v2\/users\/1"}],"replies":[{"embeddable":true,"href":"https:\/\/progenia.ch\/info\/wp-json\/wp\/v2\/comments?post=438"}],"version-history":[{"count":36,"href":"https:\/\/progenia.ch\/info\/wp-json\/wp\/v2\/pages\/438\/revisions"}],"predecessor-version":[{"id":3297,"href":"https:\/\/progenia.ch\/info\/wp-json\/wp\/v2\/pages\/438\/revisions\/3297"}],"up":[{"embeddable":true,"href":"https:\/\/progenia.ch\/info\/wp-json\/wp\/v2\/pages\/380"}],"wp:attachment":[{"href":"https:\/\/progenia.ch\/info\/wp-json\/wp\/v2\/media?parent=438"}],"curies":[{"name":"wp","href":"https:\/\/api.w.org\/{rel}","templated":true}]}}