{"id":435,"date":"2025-11-19T15:47:05","date_gmt":"2025-11-19T14:47:05","guid":{"rendered":"https:\/\/progenia.ch\/info\/?page_id=435"},"modified":"2026-04-20T13:27:26","modified_gmt":"2026-04-20T11:27:26","slug":"ikigai","status":"publish","type":"page","link":"https:\/\/progenia.ch\/info\/glossar\/ikigai\/","title":{"rendered":"ikigai"},"content":{"rendered":"\t\t<div data-elementor-type=\"wp-page\" data-elementor-id=\"435\" class=\"elementor elementor-435\">\n\t\t\t\t\t\t<section class=\"elementor-section elementor-top-section elementor-element elementor-element-e3c8324 elementor-section-boxed elementor-section-height-default elementor-section-height-default\" data-id=\"e3c8324\" data-element_type=\"section\" data-e-type=\"section\">\n\t\t\t\t\t\t<div class=\"elementor-container elementor-column-gap-default\">\n\t\t\t\t\t<div class=\"elementor-column elementor-col-100 elementor-top-column elementor-element elementor-element-5a9d8b2\" data-id=\"5a9d8b2\" data-element_type=\"column\" data-e-type=\"column\">\n\t\t\t<div class=\"elementor-widget-wrap elementor-element-populated\">\n\t\t\t\t\t\t<section class=\"elementor-section elementor-inner-section elementor-element elementor-element-9a6f244 elementor-section-boxed elementor-section-height-default elementor-section-height-default\" data-id=\"9a6f244\" data-element_type=\"section\" data-e-type=\"section\">\n\t\t\t\t\t\t<div class=\"elementor-container elementor-column-gap-default\">\n\t\t\t\t\t<div class=\"elementor-column elementor-col-100 elementor-inner-column elementor-element elementor-element-3b7c37f\" data-id=\"3b7c37f\" data-element_type=\"column\" data-e-type=\"column\">\n\t\t\t<div class=\"elementor-widget-wrap elementor-element-populated\">\n\t\t\t\t\t\t<div class=\"elementor-element elementor-element-29c2711 elementor-widget elementor-widget-heading\" data-id=\"29c2711\" data-element_type=\"widget\" data-e-type=\"widget\" data-widget_type=\"heading.default\">\n\t\t\t\t\t<h2 class=\"elementor-heading-title elementor-size-default\">DEM RUF FOLGEN<\/h2>\t\t\t\t<\/div>\n\t\t\t\t<div class=\"elementor-element elementor-element-d36e278 elementor-widget elementor-widget-hfe-breadcrumbs-widget\" data-id=\"d36e278\" data-element_type=\"widget\" data-e-type=\"widget\" data-widget_type=\"hfe-breadcrumbs-widget.default\">\n\t\t\t\t<div class=\"elementor-widget-container\">\n\t\t\t\t\t<nav aria-label=\"Breadcrumb\"><ul class=\"hfe-breadcrumbs hfe-breadcrumbs-show-home\"><li class=\"hfe-breadcrumbs-item hfe-breadcrumbs-first\"><span class=\"hfe-breadcrumbs-home-icon\"><\/span><a href=\"https:\/\/progenia.ch\/info\"><span class=\"hfe-breadcrumbs-text\">proGenia.info<\/span><\/a><\/li><\/ul><\/nav>\t\t\t\t<\/div>\n\t\t\t\t<\/div>\n\t\t\t\t\t<\/div>\n\t\t<\/div>\n\t\t\t\t\t<\/div>\n\t\t<\/section>\n\t\t\t\t\t<\/div>\n\t\t<\/div>\n\t\t\t\t\t<\/div>\n\t\t<\/section>\n\t\t\t\t<section class=\"elementor-section elementor-top-section elementor-element elementor-element-7145c14 elementor-section-boxed elementor-section-height-default elementor-section-height-default\" data-id=\"7145c14\" data-element_type=\"section\" data-e-type=\"section\">\n\t\t\t\t\t\t<div class=\"elementor-container elementor-column-gap-default\">\n\t\t\t\t\t<div class=\"elementor-column elementor-col-100 elementor-top-column elementor-element elementor-element-d3eb0b5\" data-id=\"d3eb0b5\" data-element_type=\"column\" data-e-type=\"column\">\n\t\t\t<div class=\"elementor-widget-wrap elementor-element-populated\">\n\t\t\t\t\t\t<div class=\"elementor-element elementor-element-371f936 elementor-widget elementor-widget-text-editor\" data-id=\"371f936\" data-element_type=\"widget\" data-e-type=\"widget\" data-widget_type=\"text-editor.default\">\n\t\t\t\t\t\t\t\t\t<h2>BL\u00dcTENPHASEN\u00a0<\/h2><h3>1 KINDHEIT \u2013 STAUNEN, SPIELEN UND EMPFANGEN<\/h3><p>Die Phase des Ursprungs, in der Neugier und Wunder das Erleben formen. Alles wird zum ersten Mal ber\u00fchrt, jede Erfahrung ist frisch, lebendig und voller Potenzial. Hier liegt die Quelle der Freude und der Offenheit.<\/p><h3>2 NOVIZENTUM \u2013 LERNEN, FORSCHEN UND ERPROBEN<\/h3><p>Die Phase des Suchens und Entdeckens. Wissen, K\u00f6nnen und Einsicht werden ausprobiert und verfeinert. Der Mensch experimentiert, macht Fehler, w\u00e4chst durch Erfahrung und entfaltet seine F\u00e4higkeiten behutsam und bewusst.<\/p><h3>3 DIENERSCHAFT \u2013 WIRKEN IM GANZEN UND SICH EINBRINGEN<\/h3><p>Die Phase des Gebens und Unterst\u00fctzens. Der Fokus liegt auf der Beziehung zum Ganzen: zu Menschen, Natur, Aufgaben. Es ist die Zeit des Beitragens, ohne sich selbst zu verlieren, in der Eigenes und Gemeinsames harmonisch zusammenwirken.<\/p><h3>4 POIESIS \u2013 SCH\u00d6PFERISCHES GESTALTEN UND AUSDRUCK DES ELABORIERTEN<\/h3><p>Die Phase der Gestaltung und Verfeinerung. Erkenntnisse und Erfahrung finden Form \u2013 in Kunst, Handwerk, Wissenschaft oder Ideen. Poiesis ist das aktive Hervorbringen, das eigene Schaffen als Ausdruck der inneren Resonanz.<\/p><h3>5 MEISTERSCHAFT \u2013 FREIHEIT UND SPIELERISCHE WIEDER-KIND-SEIN<\/h3><p>Die Phase der inneren Freiheit, in der Erfahrung, K\u00f6nnen und Sinn zu einer m\u00fchelosen Ausdruckskraft verschmelzen. Hier kehrt der Mensch in seine urspr\u00fcngliche Offenheit zur\u00fcck: souver\u00e4n, spontan, kreativ \u2013 wie ein Kind im Spiel des Lebens.<\/p>\t\t\t\t\t\t\t\t<\/div>\n\t\t\t\t\t<\/div>\n\t\t<\/div>\n\t\t\t\t\t<\/div>\n\t\t<\/section>\n\t\t\t\t<\/div>\n\t\t","protected":false},"excerpt":{"rendered":"<p>DEM RUF FOLGEN proGenia.info BL\u00dcTENPHASEN\u00a0 1 KINDHEIT \u2013 STAUNEN, SPIELEN UND EMPFANGEN Die Phase des Ursprungs, in der Neugier und Wunder das Erleben formen. Alles wird zum ersten Mal ber\u00fchrt, jede Erfahrung ist frisch, lebendig und voller Potenzial. Hier liegt die Quelle der Freude und der Offenheit. 2 NOVIZENTUM \u2013 LERNEN, FORSCHEN UND ERPROBEN Die [&hellip;]<\/p>\n","protected":false},"author":1,"featured_media":0,"parent":380,"menu_order":0,"comment_status":"closed","ping_status":"closed","template":"","meta":{"footnotes":""},"class_list":["post-435","page","type-page","status-publish","hentry"],"_links":{"self":[{"href":"https:\/\/progenia.ch\/info\/wp-json\/wp\/v2\/pages\/435","targetHints":{"allow":["GET"]}}],"collection":[{"href":"https:\/\/progenia.ch\/info\/wp-json\/wp\/v2\/pages"}],"about":[{"href":"https:\/\/progenia.ch\/info\/wp-json\/wp\/v2\/types\/page"}],"author":[{"embeddable":true,"href":"https:\/\/progenia.ch\/info\/wp-json\/wp\/v2\/users\/1"}],"replies":[{"embeddable":true,"href":"https:\/\/progenia.ch\/info\/wp-json\/wp\/v2\/comments?post=435"}],"version-history":[{"count":44,"href":"https:\/\/progenia.ch\/info\/wp-json\/wp\/v2\/pages\/435\/revisions"}],"predecessor-version":[{"id":3275,"href":"https:\/\/progenia.ch\/info\/wp-json\/wp\/v2\/pages\/435\/revisions\/3275"}],"up":[{"embeddable":true,"href":"https:\/\/progenia.ch\/info\/wp-json\/wp\/v2\/pages\/380"}],"wp:attachment":[{"href":"https:\/\/progenia.ch\/info\/wp-json\/wp\/v2\/media?parent=435"}],"curies":[{"name":"wp","href":"https:\/\/api.w.org\/{rel}","templated":true}]}}